{"id":19,"date":"2014-01-30T17:03:46","date_gmt":"2014-01-30T20:03:46","guid":{"rendered":"http:\/\/ediciones.reylennon.com.ar\/?post_type=product&#038;p=19"},"modified":"2018-05-22T17:24:57","modified_gmt":"2018-05-22T20:24:57","slug":"doris-eddy-pioneros-de-las-relaciones-publicas","status":"publish","type":"product","link":"https:\/\/ediciones.reylennon.com.ar\/?product=doris-eddy-pioneros-de-las-relaciones-publicas","title":{"rendered":"Doris &#038; Eddy. Pioneros de las Relaciones P\u00fablicas"},"content":{"rendered":"","protected":false},"excerpt":{"rendered":"<p>Los textos que componen este volumen son bien diferentes en su tem\u00e1tica. El primero es un justo homenaje a Doris Elsa Fleischman Bernays, la mujer de Edward Bernays, quien fuera la primera mujer que se desempe\u00f1\u00f3 como consultora en este campo profesional. El segundo texto, es una visi\u00f3n pol\u00edtica del pensamiento de Edward Bernays. El tercer texto es la traducci\u00f3n de un paper de Edward Bernays hallado en la Biblioteca del Congreso de los EE.UU. El mismo aporta alguna luz en el trabajo de consultor\u00eda que los esposos Bernays realizaron para Procter &amp; Gamble durante m\u00e1s de 20 a\u00f1os, y en la parte final se encuentra el hallazgo m\u00e1s relevante: all\u00ed donde Bernays desarrolla por primera vez en la historia la figura del Director de Comunicaci\u00f3n o DirCom como se lo llama hoy en d\u00eda, adelant\u00e1ndose m\u00e1s de 40 a\u00f1os.<\/p>\n","protected":false},"featured_media":161,"comment_status":"closed","ping_status":"closed","template":"","meta":[],"product_brand":[],"product_cat":[14],"product_tag":[],"class_list":{"0":"post-19","1":"product","2":"type-product","3":"status-publish","4":"has-post-thumbnail","6":"product_cat-comunicacion","8":"first","9":"instock","10":"downloadable","11":"virtual","12":"purchasable","13":"product-type-simple"},"yoast_head":"<!-- This site is optimized with the Yoast SEO plugin v27.2 - https:\/\/yoast.com\/product\/yoast-seo-wordpress\/ -->\n<title>Doris &amp; Eddy. Pioneros de las Relaciones P\u00fablicas - Ediciones Rey Lennon<\/title>\n<meta name=\"robots\" content=\"index, follow, max-snippet:-1, max-image-preview:large, max-video-preview:-1\" \/>\n<link rel=\"canonical\" href=\"https:\/\/ediciones.reylennon.com.ar\/?product=doris-eddy-pioneros-de-las-relaciones-publicas\" \/>\n<meta property=\"og:locale\" content=\"es_ES\" \/>\n<meta property=\"og:type\" content=\"article\" \/>\n<meta property=\"og:title\" content=\"Doris &amp; Eddy. Pioneros de las Relaciones P\u00fablicas - Ediciones Rey Lennon\" \/>\n<meta property=\"og:description\" content=\"Los textos que componen este volumen son bien diferentes en su tem\u00e1tica. El primero es un justo homenaje a Doris Elsa Fleischman Bernays, la mujer de Edward Bernays, quien fuera la primera mujer que se desempe\u00f1\u00f3 como consultora en este campo profesional. El segundo texto, es una visi\u00f3n pol\u00edtica del pensamiento de Edward Bernays. El tercer texto es la traducci\u00f3n de un paper de Edward Bernays hallado en la Biblioteca del Congreso de los EE.UU. El mismo aporta alguna luz en el trabajo de consultor\u00eda que los esposos Bernays realizaron para Procter &amp; Gamble durante m\u00e1s de 20 a\u00f1os, y en la parte final se encuentra el hallazgo m\u00e1s relevante: all\u00ed donde Bernays desarrolla por primera vez en la historia la figura del Director de Comunicaci\u00f3n o DirCom como se lo llama hoy en d\u00eda, adelant\u00e1ndose m\u00e1s de 40 a\u00f1os.\" \/>\n<meta property=\"og:url\" content=\"https:\/\/ediciones.reylennon.com.ar\/?product=doris-eddy-pioneros-de-las-relaciones-publicas\" \/>\n<meta property=\"og:site_name\" content=\"Ediciones Rey Lennon\" \/>\n<meta property=\"article:modified_time\" content=\"2018-05-22T20:24:57+00:00\" \/>\n<meta property=\"og:image\" content=\"https:\/\/ediciones.reylennon.com.ar\/wp-content\/uploads\/2014\/01\/Tapa-DorisEddy.png\" \/>\n\t<meta property=\"og:image:width\" content=\"803\" \/>\n\t<meta property=\"og:image:height\" content=\"1080\" \/>\n\t<meta property=\"og:image:type\" content=\"image\/png\" \/>\n<meta name=\"twitter:card\" content=\"summary_large_image\" \/>\n<script type=\"application\/ld+json\" class=\"yoast-schema-graph\">{\"@context\":\"https:\/\/schema.org\",\"@graph\":[{\"@type\":\"WebPage\",\"@id\":\"https:\/\/ediciones.reylennon.com.ar\/?product=doris-eddy-pioneros-de-las-relaciones-publicas\",\"url\":\"https:\/\/ediciones.reylennon.com.ar\/?product=doris-eddy-pioneros-de-las-relaciones-publicas\",\"name\":\"Doris & Eddy. Pioneros de las Relaciones P\u00fablicas - Ediciones Rey Lennon\",\"isPartOf\":{\"@id\":\"https:\/\/ediciones.reylennon.com.ar\/#website\"},\"primaryImageOfPage\":{\"@id\":\"https:\/\/ediciones.reylennon.com.ar\/?product=doris-eddy-pioneros-de-las-relaciones-publicas#primaryimage\"},\"image\":{\"@id\":\"https:\/\/ediciones.reylennon.com.ar\/?product=doris-eddy-pioneros-de-las-relaciones-publicas#primaryimage\"},\"thumbnailUrl\":\"https:\/\/ediciones.reylennon.com.ar\/wp-content\/uploads\/2014\/01\/Tapa-DorisEddy.png\",\"datePublished\":\"2014-01-30T20:03:46+00:00\",\"dateModified\":\"2018-05-22T20:24:57+00:00\",\"breadcrumb\":{\"@id\":\"https:\/\/ediciones.reylennon.com.ar\/?product=doris-eddy-pioneros-de-las-relaciones-publicas#breadcrumb\"},\"inLanguage\":\"es\",\"potentialAction\":[{\"@type\":\"ReadAction\",\"target\":[\"https:\/\/ediciones.reylennon.com.ar\/?product=doris-eddy-pioneros-de-las-relaciones-publicas\"]}]},{\"@type\":\"ImageObject\",\"inLanguage\":\"es\",\"@id\":\"https:\/\/ediciones.reylennon.com.ar\/?product=doris-eddy-pioneros-de-las-relaciones-publicas#primaryimage\",\"url\":\"https:\/\/ediciones.reylennon.com.ar\/wp-content\/uploads\/2014\/01\/Tapa-DorisEddy.png\",\"contentUrl\":\"https:\/\/ediciones.reylennon.com.ar\/wp-content\/uploads\/2014\/01\/Tapa-DorisEddy.png\",\"width\":803,\"height\":1080},{\"@type\":\"BreadcrumbList\",\"@id\":\"https:\/\/ediciones.reylennon.com.ar\/?product=doris-eddy-pioneros-de-las-relaciones-publicas#breadcrumb\",\"itemListElement\":[{\"@type\":\"ListItem\",\"position\":1,\"name\":\"Portada\",\"item\":\"https:\/\/ediciones.reylennon.com.ar\/\"},{\"@type\":\"ListItem\",\"position\":2,\"name\":\"Tienda\",\"item\":\"https:\/\/ediciones.reylennon.com.ar\/?page_id=5\"},{\"@type\":\"ListItem\",\"position\":3,\"name\":\"Doris &#038; Eddy. Pioneros de las Relaciones P\u00fablicas\"}]},{\"@type\":\"WebSite\",\"@id\":\"https:\/\/ediciones.reylennon.com.ar\/#website\",\"url\":\"https:\/\/ediciones.reylennon.com.ar\/\",\"name\":\"Ediciones Rey Lennon\",\"description\":\"\",\"potentialAction\":[{\"@type\":\"SearchAction\",\"target\":{\"@type\":\"EntryPoint\",\"urlTemplate\":\"https:\/\/ediciones.reylennon.com.ar\/?s={search_term_string}\"},\"query-input\":{\"@type\":\"PropertyValueSpecification\",\"valueRequired\":true,\"valueName\":\"search_term_string\"}}],\"inLanguage\":\"es\"}]}<\/script>\n<!-- \/ Yoast SEO plugin. -->","yoast_head_json":{"title":"Doris & Eddy. Pioneros de las Relaciones P\u00fablicas - Ediciones Rey Lennon","robots":{"index":"index","follow":"follow","max-snippet":"max-snippet:-1","max-image-preview":"max-image-preview:large","max-video-preview":"max-video-preview:-1"},"canonical":"https:\/\/ediciones.reylennon.com.ar\/?product=doris-eddy-pioneros-de-las-relaciones-publicas","og_locale":"es_ES","og_type":"article","og_title":"Doris & Eddy. Pioneros de las Relaciones P\u00fablicas - Ediciones Rey Lennon","og_description":"Los textos que componen este volumen son bien diferentes en su tem\u00e1tica. El primero es un justo homenaje a Doris Elsa Fleischman Bernays, la mujer de Edward Bernays, quien fuera la primera mujer que se desempe\u00f1\u00f3 como consultora en este campo profesional. El segundo texto, es una visi\u00f3n pol\u00edtica del pensamiento de Edward Bernays. El tercer texto es la traducci\u00f3n de un paper de Edward Bernays hallado en la Biblioteca del Congreso de los EE.UU. El mismo aporta alguna luz en el trabajo de consultor\u00eda que los esposos Bernays realizaron para Procter &amp; Gamble durante m\u00e1s de 20 a\u00f1os, y en la parte final se encuentra el hallazgo m\u00e1s relevante: all\u00ed donde Bernays desarrolla por primera vez en la historia la figura del Director de Comunicaci\u00f3n o DirCom como se lo llama hoy en d\u00eda, adelant\u00e1ndose m\u00e1s de 40 a\u00f1os.","og_url":"https:\/\/ediciones.reylennon.com.ar\/?product=doris-eddy-pioneros-de-las-relaciones-publicas","og_site_name":"Ediciones Rey Lennon","article_modified_time":"2018-05-22T20:24:57+00:00","og_image":[{"width":803,"height":1080,"url":"https:\/\/ediciones.reylennon.com.ar\/wp-content\/uploads\/2014\/01\/Tapa-DorisEddy.png","type":"image\/png"}],"twitter_card":"summary_large_image","schema":{"@context":"https:\/\/schema.org","@graph":[{"@type":"WebPage","@id":"https:\/\/ediciones.reylennon.com.ar\/?product=doris-eddy-pioneros-de-las-relaciones-publicas","url":"https:\/\/ediciones.reylennon.com.ar\/?product=doris-eddy-pioneros-de-las-relaciones-publicas","name":"Doris & Eddy. Pioneros de las Relaciones P\u00fablicas - Ediciones Rey Lennon","isPartOf":{"@id":"https:\/\/ediciones.reylennon.com.ar\/#website"},"primaryImageOfPage":{"@id":"https:\/\/ediciones.reylennon.com.ar\/?product=doris-eddy-pioneros-de-las-relaciones-publicas#primaryimage"},"image":{"@id":"https:\/\/ediciones.reylennon.com.ar\/?product=doris-eddy-pioneros-de-las-relaciones-publicas#primaryimage"},"thumbnailUrl":"https:\/\/ediciones.reylennon.com.ar\/wp-content\/uploads\/2014\/01\/Tapa-DorisEddy.png","datePublished":"2014-01-30T20:03:46+00:00","dateModified":"2018-05-22T20:24:57+00:00","breadcrumb":{"@id":"https:\/\/ediciones.reylennon.com.ar\/?product=doris-eddy-pioneros-de-las-relaciones-publicas#breadcrumb"},"inLanguage":"es","potentialAction":[{"@type":"ReadAction","target":["https:\/\/ediciones.reylennon.com.ar\/?product=doris-eddy-pioneros-de-las-relaciones-publicas"]}]},{"@type":"ImageObject","inLanguage":"es","@id":"https:\/\/ediciones.reylennon.com.ar\/?product=doris-eddy-pioneros-de-las-relaciones-publicas#primaryimage","url":"https:\/\/ediciones.reylennon.com.ar\/wp-content\/uploads\/2014\/01\/Tapa-DorisEddy.png","contentUrl":"https:\/\/ediciones.reylennon.com.ar\/wp-content\/uploads\/2014\/01\/Tapa-DorisEddy.png","width":803,"height":1080},{"@type":"BreadcrumbList","@id":"https:\/\/ediciones.reylennon.com.ar\/?product=doris-eddy-pioneros-de-las-relaciones-publicas#breadcrumb","itemListElement":[{"@type":"ListItem","position":1,"name":"Portada","item":"https:\/\/ediciones.reylennon.com.ar\/"},{"@type":"ListItem","position":2,"name":"Tienda","item":"https:\/\/ediciones.reylennon.com.ar\/?page_id=5"},{"@type":"ListItem","position":3,"name":"Doris &#038; Eddy. Pioneros de las Relaciones P\u00fablicas"}]},{"@type":"WebSite","@id":"https:\/\/ediciones.reylennon.com.ar\/#website","url":"https:\/\/ediciones.reylennon.com.ar\/","name":"Ediciones Rey Lennon","description":"","potentialAction":[{"@type":"SearchAction","target":{"@type":"EntryPoint","urlTemplate":"https:\/\/ediciones.reylennon.com.ar\/?s={search_term_string}"},"query-input":{"@type":"PropertyValueSpecification","valueRequired":true,"valueName":"search_term_string"}}],"inLanguage":"es"}]}},"_links":{"self":[{"href":"https:\/\/ediciones.reylennon.com.ar\/index.php?rest_route=\/wp\/v2\/product\/19","targetHints":{"allow":["GET"]}}],"collection":[{"href":"https:\/\/ediciones.reylennon.com.ar\/index.php?rest_route=\/wp\/v2\/product"}],"about":[{"href":"https:\/\/ediciones.reylennon.com.ar\/index.php?rest_route=\/wp\/v2\/types\/product"}],"replies":[{"embeddable":true,"href":"https:\/\/ediciones.reylennon.com.ar\/index.php?rest_route=%2Fwp%2Fv2%2Fcomments&post=19"}],"wp:featuredmedia":[{"embeddable":true,"href":"https:\/\/ediciones.reylennon.com.ar\/index.php?rest_route=\/wp\/v2\/media\/161"}],"wp:attachment":[{"href":"https:\/\/ediciones.reylennon.com.ar\/index.php?rest_route=%2Fwp%2Fv2%2Fmedia&parent=19"}],"wp:term":[{"taxonomy":"product_brand","embeddable":true,"href":"https:\/\/ediciones.reylennon.com.ar\/index.php?rest_route=%2Fwp%2Fv2%2Fproduct_brand&post=19"},{"taxonomy":"product_cat","embeddable":true,"href":"https:\/\/ediciones.reylennon.com.ar\/index.php?rest_route=%2Fwp%2Fv2%2Fproduct_cat&post=19"},{"taxonomy":"product_tag","embeddable":true,"href":"https:\/\/ediciones.reylennon.com.ar\/index.php?rest_route=%2Fwp%2Fv2%2Fproduct_tag&post=19"}],"curies":[{"name":"wp","href":"https:\/\/api.w.org\/{rel}","templated":true}]}}