{"id":21,"date":"2014-01-30T17:08:53","date_gmt":"2014-01-30T20:08:53","guid":{"rendered":"http:\/\/ediciones.reylennon.com.ar\/?post_type=product&#038;p=21"},"modified":"2017-02-08T15:52:30","modified_gmt":"2017-02-08T18:52:30","slug":"baldomero-el-tigre-que-perdio-la-voz","status":"publish","type":"product","link":"https:\/\/ediciones.reylennon.com.ar\/?product=baldomero-el-tigre-que-perdio-la-voz","title":{"rendered":"Baldomero, el tigre que perdi\u00f3 la voz"},"content":{"rendered":"","protected":false},"excerpt":{"rendered":"<p>Un texto ameno e ilustrado por el autor para ni\u00f1os de 1 a 5 a\u00f1os.<\/p>\n","protected":false},"featured_media":54,"comment_status":"closed","ping_status":"closed","template":"","meta":[],"product_brand":[],"product_cat":[17],"product_tag":[],"class_list":{"0":"post-21","1":"product","2":"type-product","3":"status-publish","4":"has-post-thumbnail","6":"product_cat-infantil","8":"first","9":"instock","10":"downloadable","11":"virtual","12":"purchasable","13":"product-type-simple"},"yoast_head":"<!-- This site is optimized with the Yoast SEO plugin v27.2 - https:\/\/yoast.com\/product\/yoast-seo-wordpress\/ -->\n<title>Baldomero, el tigre que perdi\u00f3 la voz - Ediciones Rey Lennon<\/title>\n<meta name=\"robots\" content=\"index, follow, max-snippet:-1, max-image-preview:large, max-video-preview:-1\" \/>\n<link rel=\"canonical\" href=\"https:\/\/ediciones.reylennon.com.ar\/?product=baldomero-el-tigre-que-perdio-la-voz\" \/>\n<meta property=\"og:locale\" content=\"es_ES\" \/>\n<meta property=\"og:type\" content=\"article\" \/>\n<meta property=\"og:title\" content=\"Baldomero, el tigre que perdi\u00f3 la voz - Ediciones Rey Lennon\" \/>\n<meta property=\"og:description\" content=\"Un texto ameno e ilustrado por el autor para ni\u00f1os de 1 a 5 a\u00f1os.\" \/>\n<meta property=\"og:url\" content=\"https:\/\/ediciones.reylennon.com.ar\/?product=baldomero-el-tigre-que-perdio-la-voz\" \/>\n<meta property=\"og:site_name\" content=\"Ediciones Rey Lennon\" \/>\n<meta property=\"article:modified_time\" content=\"2017-02-08T18:52:30+00:00\" \/>\n<meta property=\"og:image\" content=\"https:\/\/ediciones.reylennon.com.ar\/wp-content\/uploads\/2014\/01\/Portada_baldomero_eltigrequeperdiolavoz.jpg\" \/>\n\t<meta property=\"og:image:width\" content=\"560\" \/>\n\t<meta property=\"og:image:height\" content=\"840\" \/>\n\t<meta property=\"og:image:type\" content=\"image\/jpeg\" \/>\n<meta name=\"twitter:card\" content=\"summary_large_image\" \/>\n<script type=\"application\/ld+json\" class=\"yoast-schema-graph\">{\"@context\":\"https:\/\/schema.org\",\"@graph\":[{\"@type\":\"WebPage\",\"@id\":\"https:\/\/ediciones.reylennon.com.ar\/?product=baldomero-el-tigre-que-perdio-la-voz\",\"url\":\"https:\/\/ediciones.reylennon.com.ar\/?product=baldomero-el-tigre-que-perdio-la-voz\",\"name\":\"Baldomero, el tigre que perdi\u00f3 la voz - Ediciones Rey Lennon\",\"isPartOf\":{\"@id\":\"https:\/\/ediciones.reylennon.com.ar\/#website\"},\"primaryImageOfPage\":{\"@id\":\"https:\/\/ediciones.reylennon.com.ar\/?product=baldomero-el-tigre-que-perdio-la-voz#primaryimage\"},\"image\":{\"@id\":\"https:\/\/ediciones.reylennon.com.ar\/?product=baldomero-el-tigre-que-perdio-la-voz#primaryimage\"},\"thumbnailUrl\":\"https:\/\/ediciones.reylennon.com.ar\/wp-content\/uploads\/2014\/01\/Portada_baldomero_eltigrequeperdiolavoz.jpg\",\"datePublished\":\"2014-01-30T20:08:53+00:00\",\"dateModified\":\"2017-02-08T18:52:30+00:00\",\"breadcrumb\":{\"@id\":\"https:\/\/ediciones.reylennon.com.ar\/?product=baldomero-el-tigre-que-perdio-la-voz#breadcrumb\"},\"inLanguage\":\"es\",\"potentialAction\":[{\"@type\":\"ReadAction\",\"target\":[\"https:\/\/ediciones.reylennon.com.ar\/?product=baldomero-el-tigre-que-perdio-la-voz\"]}]},{\"@type\":\"ImageObject\",\"inLanguage\":\"es\",\"@id\":\"https:\/\/ediciones.reylennon.com.ar\/?product=baldomero-el-tigre-que-perdio-la-voz#primaryimage\",\"url\":\"https:\/\/ediciones.reylennon.com.ar\/wp-content\/uploads\/2014\/01\/Portada_baldomero_eltigrequeperdiolavoz.jpg\",\"contentUrl\":\"https:\/\/ediciones.reylennon.com.ar\/wp-content\/uploads\/2014\/01\/Portada_baldomero_eltigrequeperdiolavoz.jpg\",\"width\":560,\"height\":840,\"caption\":\"Portada_baldomero_eltigrequeperdiolavoz\"},{\"@type\":\"BreadcrumbList\",\"@id\":\"https:\/\/ediciones.reylennon.com.ar\/?product=baldomero-el-tigre-que-perdio-la-voz#breadcrumb\",\"itemListElement\":[{\"@type\":\"ListItem\",\"position\":1,\"name\":\"Portada\",\"item\":\"https:\/\/ediciones.reylennon.com.ar\/\"},{\"@type\":\"ListItem\",\"position\":2,\"name\":\"Tienda\",\"item\":\"https:\/\/ediciones.reylennon.com.ar\/?page_id=5\"},{\"@type\":\"ListItem\",\"position\":3,\"name\":\"Baldomero, el tigre que perdi\u00f3 la voz\"}]},{\"@type\":\"WebSite\",\"@id\":\"https:\/\/ediciones.reylennon.com.ar\/#website\",\"url\":\"https:\/\/ediciones.reylennon.com.ar\/\",\"name\":\"Ediciones Rey Lennon\",\"description\":\"\",\"potentialAction\":[{\"@type\":\"SearchAction\",\"target\":{\"@type\":\"EntryPoint\",\"urlTemplate\":\"https:\/\/ediciones.reylennon.com.ar\/?s={search_term_string}\"},\"query-input\":{\"@type\":\"PropertyValueSpecification\",\"valueRequired\":true,\"valueName\":\"search_term_string\"}}],\"inLanguage\":\"es\"}]}<\/script>\n<!-- \/ Yoast SEO plugin. -->","yoast_head_json":{"title":"Baldomero, el tigre que perdi\u00f3 la voz - Ediciones Rey Lennon","robots":{"index":"index","follow":"follow","max-snippet":"max-snippet:-1","max-image-preview":"max-image-preview:large","max-video-preview":"max-video-preview:-1"},"canonical":"https:\/\/ediciones.reylennon.com.ar\/?product=baldomero-el-tigre-que-perdio-la-voz","og_locale":"es_ES","og_type":"article","og_title":"Baldomero, el tigre que perdi\u00f3 la voz - Ediciones Rey Lennon","og_description":"Un texto ameno e ilustrado por el autor para ni\u00f1os de 1 a 5 a\u00f1os.","og_url":"https:\/\/ediciones.reylennon.com.ar\/?product=baldomero-el-tigre-que-perdio-la-voz","og_site_name":"Ediciones Rey Lennon","article_modified_time":"2017-02-08T18:52:30+00:00","og_image":[{"width":560,"height":840,"url":"https:\/\/ediciones.reylennon.com.ar\/wp-content\/uploads\/2014\/01\/Portada_baldomero_eltigrequeperdiolavoz.jpg","type":"image\/jpeg"}],"twitter_card":"summary_large_image","schema":{"@context":"https:\/\/schema.org","@graph":[{"@type":"WebPage","@id":"https:\/\/ediciones.reylennon.com.ar\/?product=baldomero-el-tigre-que-perdio-la-voz","url":"https:\/\/ediciones.reylennon.com.ar\/?product=baldomero-el-tigre-que-perdio-la-voz","name":"Baldomero, el tigre que perdi\u00f3 la voz - Ediciones Rey Lennon","isPartOf":{"@id":"https:\/\/ediciones.reylennon.com.ar\/#website"},"primaryImageOfPage":{"@id":"https:\/\/ediciones.reylennon.com.ar\/?product=baldomero-el-tigre-que-perdio-la-voz#primaryimage"},"image":{"@id":"https:\/\/ediciones.reylennon.com.ar\/?product=baldomero-el-tigre-que-perdio-la-voz#primaryimage"},"thumbnailUrl":"https:\/\/ediciones.reylennon.com.ar\/wp-content\/uploads\/2014\/01\/Portada_baldomero_eltigrequeperdiolavoz.jpg","datePublished":"2014-01-30T20:08:53+00:00","dateModified":"2017-02-08T18:52:30+00:00","breadcrumb":{"@id":"https:\/\/ediciones.reylennon.com.ar\/?product=baldomero-el-tigre-que-perdio-la-voz#breadcrumb"},"inLanguage":"es","potentialAction":[{"@type":"ReadAction","target":["https:\/\/ediciones.reylennon.com.ar\/?product=baldomero-el-tigre-que-perdio-la-voz"]}]},{"@type":"ImageObject","inLanguage":"es","@id":"https:\/\/ediciones.reylennon.com.ar\/?product=baldomero-el-tigre-que-perdio-la-voz#primaryimage","url":"https:\/\/ediciones.reylennon.com.ar\/wp-content\/uploads\/2014\/01\/Portada_baldomero_eltigrequeperdiolavoz.jpg","contentUrl":"https:\/\/ediciones.reylennon.com.ar\/wp-content\/uploads\/2014\/01\/Portada_baldomero_eltigrequeperdiolavoz.jpg","width":560,"height":840,"caption":"Portada_baldomero_eltigrequeperdiolavoz"},{"@type":"BreadcrumbList","@id":"https:\/\/ediciones.reylennon.com.ar\/?product=baldomero-el-tigre-que-perdio-la-voz#breadcrumb","itemListElement":[{"@type":"ListItem","position":1,"name":"Portada","item":"https:\/\/ediciones.reylennon.com.ar\/"},{"@type":"ListItem","position":2,"name":"Tienda","item":"https:\/\/ediciones.reylennon.com.ar\/?page_id=5"},{"@type":"ListItem","position":3,"name":"Baldomero, el tigre que perdi\u00f3 la voz"}]},{"@type":"WebSite","@id":"https:\/\/ediciones.reylennon.com.ar\/#website","url":"https:\/\/ediciones.reylennon.com.ar\/","name":"Ediciones Rey Lennon","description":"","potentialAction":[{"@type":"SearchAction","target":{"@type":"EntryPoint","urlTemplate":"https:\/\/ediciones.reylennon.com.ar\/?s={search_term_string}"},"query-input":{"@type":"PropertyValueSpecification","valueRequired":true,"valueName":"search_term_string"}}],"inLanguage":"es"}]}},"_links":{"self":[{"href":"https:\/\/ediciones.reylennon.com.ar\/index.php?rest_route=\/wp\/v2\/product\/21","targetHints":{"allow":["GET"]}}],"collection":[{"href":"https:\/\/ediciones.reylennon.com.ar\/index.php?rest_route=\/wp\/v2\/product"}],"about":[{"href":"https:\/\/ediciones.reylennon.com.ar\/index.php?rest_route=\/wp\/v2\/types\/product"}],"replies":[{"embeddable":true,"href":"https:\/\/ediciones.reylennon.com.ar\/index.php?rest_route=%2Fwp%2Fv2%2Fcomments&post=21"}],"wp:featuredmedia":[{"embeddable":true,"href":"https:\/\/ediciones.reylennon.com.ar\/index.php?rest_route=\/wp\/v2\/media\/54"}],"wp:attachment":[{"href":"https:\/\/ediciones.reylennon.com.ar\/index.php?rest_route=%2Fwp%2Fv2%2Fmedia&parent=21"}],"wp:term":[{"taxonomy":"product_brand","embeddable":true,"href":"https:\/\/ediciones.reylennon.com.ar\/index.php?rest_route=%2Fwp%2Fv2%2Fproduct_brand&post=21"},{"taxonomy":"product_cat","embeddable":true,"href":"https:\/\/ediciones.reylennon.com.ar\/index.php?rest_route=%2Fwp%2Fv2%2Fproduct_cat&post=21"},{"taxonomy":"product_tag","embeddable":true,"href":"https:\/\/ediciones.reylennon.com.ar\/index.php?rest_route=%2Fwp%2Fv2%2Fproduct_tag&post=21"}],"curies":[{"name":"wp","href":"https:\/\/api.w.org\/{rel}","templated":true}]}}