{"id":475,"date":"2020-04-10T09:32:47","date_gmt":"2020-04-10T12:32:47","guid":{"rendered":"https:\/\/ediciones.reylennon.com.ar\/?post_type=product&#038;p=475"},"modified":"2021-05-22T14:45:57","modified_gmt":"2021-05-22T17:45:57","slug":"manual-de-comunicacion-en-las-organizaciones","status":"publish","type":"product","link":"https:\/\/ediciones.reylennon.com.ar\/?product=manual-de-comunicacion-en-las-organizaciones","title":{"rendered":"Manual de Comunicaci\u00f3n en las Organizaciones"},"content":{"rendered":"","protected":false},"excerpt":{"rendered":"<p>Este nuevo libro de Federico Rey Lennon y Javier Bartoli Pi\u00f1ero profundiza en la l\u00ednea que se presentaba su primera obra en colaboraci\u00f3n, Reflexiones sobre el Management de la Comunicaci\u00f3n. Una visi\u00f3n moderna, un paradigma de la comunicaci\u00f3n, acorde con los tiempos y la realidad actual en que se desenvuelven las empresas, abordando esta tarea desde la comprensi\u00f3n del entorno, de sus stakeholders, hasta ser parte integrante y esencial de la alta direcci\u00f3n y aportar desde la comunicaci\u00f3n al cumplimiento de la estrategia corporativa y sus objetivos, ya que, como sostienen los autores, \u00abla comunicaci\u00f3n corporativa es una funci\u00f3n estrat\u00e9gica del management y no un problema t\u00e1ctico\u00bb.<\/p>\n<p>Federico Rey Lennon es un especialista en el tema. Adem\u00e1s de poseer un doctorado en el \u00e1rea, tiene una basta trayectoria acad\u00e9mica y de gesti\u00f3n como secretario acad\u00e9mico de la Facultad de Comunicaci\u00f3n de la Universidad Austral de Buenos Aires, como director de la carrera de Comunicaci\u00f3n Publicitaria e Institucional de la Universidad Cat\u00f3lica Argentina, y, m\u00e1s recientemente, como coordinador de la carrera de Relaciones P\u00fablicas de la Universidad Nacional de La Matanza. A esto suma como afirmaba de s\u00ed mismo Leonardo da Vinci: ser \u201cd\u00edscipulo de la experiencia\u201d, gracias a su amplia pr\u00e1ctica en relaciones p\u00fablicas y comunicaciones estrat\u00e9gicas a trav\u00e9s de su consultora Rey Lennon, Cavatorta &amp; Asociados.<\/p>\n<p>Algo similar sucede con Javier Bartoli Pi\u00f1ero, quien sum\u00f3 a su labor acad\u00e9mica como docente en la Universidad Cat\u00f3lica Argentina, la UBA y la Universidad Austral su actual desempe\u00f1o como jefe de protocolo del Banco Interamericano de Desarrollo con sede en Washington DC. Anteriormente se desempe\u00f1\u00f3 como Gerente de Comunicaciones Corporativas de Microsoft para la Argentina, Paraguay y Uruguay.<\/p>\n<p>La historia de ambos autores se refleja claramente, tanto en el enfoque moderno y pr\u00e1ctico con que se aproximan al tema, como en el contenido, desarrollo y bibliograf\u00eda del libro. Por sus experiencias como profesores e investigadores, saben que s\u00f3lo es posible construir conocimiento a partir de los avances e investigaciones de otros, por lo que el texto recoge y se fundamenta en los aportes realizados por autores largamente reconocidos.<\/p>\n<p>Al igual que la obra precedente de Rey Lennon y Bartoli Pi\u00f1ero, el libro fue escrito pensado en la figura del Director de Comunicaci\u00f3n (Dircom), en su correcta ubicaci\u00f3n dentro del organigrama de la empresa y, principalmente, en su labor estrat\u00e9gica y sus tareas pr\u00e1cticas. Cargo que se puede resumir en que el Dircom es aquella persona encargada de coordinar todos los esfuerzos tendientes a lograr una mejora en la reputaci\u00f3n de la compa\u00f1\u00eda en el espacio p\u00fablico.<\/p>\n","protected":false},"featured_media":476,"comment_status":"closed","ping_status":"closed","template":"","meta":[],"product_brand":[],"product_cat":[14,13],"product_tag":[26,19,24,22,21,23,20,25],"class_list":{"0":"post-475","1":"product","2":"type-product","3":"status-publish","4":"has-post-thumbnail","6":"product_cat-comunicacion","7":"product_cat-management","8":"product_tag-bartoli","9":"product_tag-comunicacion","10":"product_tag-dircom","11":"product_tag-empresas","12":"product_tag-gestion","13":"product_tag-marketing","14":"product_tag-relaciones-publicas","15":"product_tag-rey-lennon","17":"first","18":"instock","19":"downloadable","20":"virtual","21":"purchasable","22":"product-type-simple"},"yoast_head":"<!-- This site is optimized with the Yoast SEO plugin v27.4 - https:\/\/yoast.com\/product\/yoast-seo-wordpress\/ -->\n<title>Manual de Comunicaci\u00f3n en las Organizaciones - Ediciones Rey Lennon<\/title>\n<meta name=\"robots\" content=\"index, follow, max-snippet:-1, max-image-preview:large, max-video-preview:-1\" \/>\n<link rel=\"canonical\" href=\"https:\/\/ediciones.reylennon.com.ar\/?product=manual-de-comunicacion-en-las-organizaciones\" \/>\n<meta property=\"og:locale\" content=\"es_ES\" \/>\n<meta property=\"og:type\" content=\"article\" \/>\n<meta property=\"og:title\" content=\"Manual de Comunicaci\u00f3n en las Organizaciones - Ediciones Rey Lennon\" \/>\n<meta property=\"og:description\" content=\"Este nuevo libro de Federico Rey Lennon y Javier Bartoli Pi\u00f1ero profundiza en la l\u00ednea que se presentaba su primera obra en colaboraci\u00f3n, Reflexiones sobre el Management de la Comunicaci\u00f3n. Una visi\u00f3n moderna, un paradigma de la comunicaci\u00f3n, acorde con los tiempos y la realidad actual en que se desenvuelven las empresas, abordando esta tarea desde la comprensi\u00f3n del entorno, de sus stakeholders, hasta ser parte integrante y esencial de la alta direcci\u00f3n y aportar desde la comunicaci\u00f3n al cumplimiento de la estrategia corporativa y sus objetivos, ya que, como sostienen los autores, \u00abla comunicaci\u00f3n corporativa es una funci\u00f3n estrat\u00e9gica del management y no un problema t\u00e1ctico\u00bb.  Federico Rey Lennon es un especialista en el tema. Adem\u00e1s de poseer un doctorado en el \u00e1rea, tiene una basta trayectoria acad\u00e9mica y de gesti\u00f3n como secretario acad\u00e9mico de la Facultad de Comunicaci\u00f3n de la Universidad Austral de Buenos Aires, como director de la carrera de Comunicaci\u00f3n Publicitaria e Institucional de la Universidad Cat\u00f3lica Argentina, y, m\u00e1s recientemente, como coordinador de la carrera de Relaciones P\u00fablicas de la Universidad Nacional de La Matanza. A esto suma como afirmaba de s\u00ed mismo Leonardo da Vinci: ser \u201cd\u00edscipulo de la experiencia\u201d, gracias a su amplia pr\u00e1ctica en relaciones p\u00fablicas y comunicaciones estrat\u00e9gicas a trav\u00e9s de su consultora Rey Lennon, Cavatorta &amp; Asociados.  Algo similar sucede con Javier Bartoli Pi\u00f1ero, quien sum\u00f3 a su labor acad\u00e9mica como docente en la Universidad Cat\u00f3lica Argentina, la UBA y la Universidad Austral su actual desempe\u00f1o como jefe de protocolo del Banco Interamericano de Desarrollo con sede en Washington DC. Anteriormente se desempe\u00f1\u00f3 como Gerente de Comunicaciones Corporativas de Microsoft para la Argentina, Paraguay y Uruguay.  La historia de ambos autores se refleja claramente, tanto en el enfoque moderno y pr\u00e1ctico con que se aproximan al tema, como en el contenido, desarrollo y bibliograf\u00eda del libro. Por sus experiencias como profesores e investigadores, saben que s\u00f3lo es posible construir conocimiento a partir de los avances e investigaciones de otros, por lo que el texto recoge y se fundamenta en los aportes realizados por autores largamente reconocidos.  Al igual que la obra precedente de Rey Lennon y Bartoli Pi\u00f1ero, el libro fue escrito pensado en la figura del Director de Comunicaci\u00f3n (Dircom), en su correcta ubicaci\u00f3n dentro del organigrama de la empresa y, principalmente, en su labor estrat\u00e9gica y sus tareas pr\u00e1cticas. Cargo que se puede resumir en que el Dircom es aquella persona encargada de coordinar todos los esfuerzos tendientes a lograr una mejora en la reputaci\u00f3n de la compa\u00f1\u00eda en el espacio p\u00fablico.\" \/>\n<meta property=\"og:url\" content=\"https:\/\/ediciones.reylennon.com.ar\/?product=manual-de-comunicacion-en-las-organizaciones\" \/>\n<meta property=\"og:site_name\" content=\"Ediciones Rey Lennon\" \/>\n<meta property=\"article:modified_time\" content=\"2021-05-22T17:45:57+00:00\" \/>\n<meta property=\"og:image\" content=\"https:\/\/ediciones.reylennon.com.ar\/wp-content\/uploads\/2020\/04\/Diapositiva1-copia.jpg\" \/>\n\t<meta property=\"og:image:width\" content=\"720\" \/>\n\t<meta property=\"og:image:height\" content=\"540\" \/>\n\t<meta property=\"og:image:type\" content=\"image\/jpeg\" \/>\n<meta name=\"twitter:card\" content=\"summary_large_image\" \/>\n<script type=\"application\/ld+json\" class=\"yoast-schema-graph\">{\"@context\":\"https:\\\/\\\/schema.org\",\"@graph\":[{\"@type\":\"WebPage\",\"@id\":\"https:\\\/\\\/ediciones.reylennon.com.ar\\\/?product=manual-de-comunicacion-en-las-organizaciones\",\"url\":\"https:\\\/\\\/ediciones.reylennon.com.ar\\\/?product=manual-de-comunicacion-en-las-organizaciones\",\"name\":\"Manual de Comunicaci\u00f3n en las Organizaciones - Ediciones Rey Lennon\",\"isPartOf\":{\"@id\":\"https:\\\/\\\/ediciones.reylennon.com.ar\\\/#website\"},\"primaryImageOfPage\":{\"@id\":\"https:\\\/\\\/ediciones.reylennon.com.ar\\\/?product=manual-de-comunicacion-en-las-organizaciones#primaryimage\"},\"image\":{\"@id\":\"https:\\\/\\\/ediciones.reylennon.com.ar\\\/?product=manual-de-comunicacion-en-las-organizaciones#primaryimage\"},\"thumbnailUrl\":\"https:\\\/\\\/ediciones.reylennon.com.ar\\\/wp-content\\\/uploads\\\/2020\\\/04\\\/Diapositiva1-copia.jpg\",\"datePublished\":\"2020-04-10T12:32:47+00:00\",\"dateModified\":\"2021-05-22T17:45:57+00:00\",\"breadcrumb\":{\"@id\":\"https:\\\/\\\/ediciones.reylennon.com.ar\\\/?product=manual-de-comunicacion-en-las-organizaciones#breadcrumb\"},\"inLanguage\":\"es\",\"potentialAction\":[{\"@type\":\"ReadAction\",\"target\":[\"https:\\\/\\\/ediciones.reylennon.com.ar\\\/?product=manual-de-comunicacion-en-las-organizaciones\"]}]},{\"@type\":\"ImageObject\",\"inLanguage\":\"es\",\"@id\":\"https:\\\/\\\/ediciones.reylennon.com.ar\\\/?product=manual-de-comunicacion-en-las-organizaciones#primaryimage\",\"url\":\"https:\\\/\\\/ediciones.reylennon.com.ar\\\/wp-content\\\/uploads\\\/2020\\\/04\\\/Diapositiva1-copia.jpg\",\"contentUrl\":\"https:\\\/\\\/ediciones.reylennon.com.ar\\\/wp-content\\\/uploads\\\/2020\\\/04\\\/Diapositiva1-copia.jpg\",\"width\":720,\"height\":540},{\"@type\":\"BreadcrumbList\",\"@id\":\"https:\\\/\\\/ediciones.reylennon.com.ar\\\/?product=manual-de-comunicacion-en-las-organizaciones#breadcrumb\",\"itemListElement\":[{\"@type\":\"ListItem\",\"position\":1,\"name\":\"Portada\",\"item\":\"https:\\\/\\\/ediciones.reylennon.com.ar\\\/\"},{\"@type\":\"ListItem\",\"position\":2,\"name\":\"Tienda\",\"item\":\"https:\\\/\\\/ediciones.reylennon.com.ar\\\/?page_id=5\"},{\"@type\":\"ListItem\",\"position\":3,\"name\":\"Manual de Comunicaci\u00f3n en las Organizaciones\"}]},{\"@type\":\"WebSite\",\"@id\":\"https:\\\/\\\/ediciones.reylennon.com.ar\\\/#website\",\"url\":\"https:\\\/\\\/ediciones.reylennon.com.ar\\\/\",\"name\":\"Ediciones Rey Lennon\",\"description\":\"\",\"potentialAction\":[{\"@type\":\"SearchAction\",\"target\":{\"@type\":\"EntryPoint\",\"urlTemplate\":\"https:\\\/\\\/ediciones.reylennon.com.ar\\\/?s={search_term_string}\"},\"query-input\":{\"@type\":\"PropertyValueSpecification\",\"valueRequired\":true,\"valueName\":\"search_term_string\"}}],\"inLanguage\":\"es\"}]}<\/script>\n<!-- \/ Yoast SEO plugin. -->","yoast_head_json":{"title":"Manual de Comunicaci\u00f3n en las Organizaciones - Ediciones Rey Lennon","robots":{"index":"index","follow":"follow","max-snippet":"max-snippet:-1","max-image-preview":"max-image-preview:large","max-video-preview":"max-video-preview:-1"},"canonical":"https:\/\/ediciones.reylennon.com.ar\/?product=manual-de-comunicacion-en-las-organizaciones","og_locale":"es_ES","og_type":"article","og_title":"Manual de Comunicaci\u00f3n en las Organizaciones - Ediciones Rey Lennon","og_description":"Este nuevo libro de Federico Rey Lennon y Javier Bartoli Pi\u00f1ero profundiza en la l\u00ednea que se presentaba su primera obra en colaboraci\u00f3n, Reflexiones sobre el Management de la Comunicaci\u00f3n. Una visi\u00f3n moderna, un paradigma de la comunicaci\u00f3n, acorde con los tiempos y la realidad actual en que se desenvuelven las empresas, abordando esta tarea desde la comprensi\u00f3n del entorno, de sus stakeholders, hasta ser parte integrante y esencial de la alta direcci\u00f3n y aportar desde la comunicaci\u00f3n al cumplimiento de la estrategia corporativa y sus objetivos, ya que, como sostienen los autores, \u00abla comunicaci\u00f3n corporativa es una funci\u00f3n estrat\u00e9gica del management y no un problema t\u00e1ctico\u00bb.  Federico Rey Lennon es un especialista en el tema. Adem\u00e1s de poseer un doctorado en el \u00e1rea, tiene una basta trayectoria acad\u00e9mica y de gesti\u00f3n como secretario acad\u00e9mico de la Facultad de Comunicaci\u00f3n de la Universidad Austral de Buenos Aires, como director de la carrera de Comunicaci\u00f3n Publicitaria e Institucional de la Universidad Cat\u00f3lica Argentina, y, m\u00e1s recientemente, como coordinador de la carrera de Relaciones P\u00fablicas de la Universidad Nacional de La Matanza. A esto suma como afirmaba de s\u00ed mismo Leonardo da Vinci: ser \u201cd\u00edscipulo de la experiencia\u201d, gracias a su amplia pr\u00e1ctica en relaciones p\u00fablicas y comunicaciones estrat\u00e9gicas a trav\u00e9s de su consultora Rey Lennon, Cavatorta &amp; Asociados.  Algo similar sucede con Javier Bartoli Pi\u00f1ero, quien sum\u00f3 a su labor acad\u00e9mica como docente en la Universidad Cat\u00f3lica Argentina, la UBA y la Universidad Austral su actual desempe\u00f1o como jefe de protocolo del Banco Interamericano de Desarrollo con sede en Washington DC. Anteriormente se desempe\u00f1\u00f3 como Gerente de Comunicaciones Corporativas de Microsoft para la Argentina, Paraguay y Uruguay.  La historia de ambos autores se refleja claramente, tanto en el enfoque moderno y pr\u00e1ctico con que se aproximan al tema, como en el contenido, desarrollo y bibliograf\u00eda del libro. Por sus experiencias como profesores e investigadores, saben que s\u00f3lo es posible construir conocimiento a partir de los avances e investigaciones de otros, por lo que el texto recoge y se fundamenta en los aportes realizados por autores largamente reconocidos.  Al igual que la obra precedente de Rey Lennon y Bartoli Pi\u00f1ero, el libro fue escrito pensado en la figura del Director de Comunicaci\u00f3n (Dircom), en su correcta ubicaci\u00f3n dentro del organigrama de la empresa y, principalmente, en su labor estrat\u00e9gica y sus tareas pr\u00e1cticas. Cargo que se puede resumir en que el Dircom es aquella persona encargada de coordinar todos los esfuerzos tendientes a lograr una mejora en la reputaci\u00f3n de la compa\u00f1\u00eda en el espacio p\u00fablico.","og_url":"https:\/\/ediciones.reylennon.com.ar\/?product=manual-de-comunicacion-en-las-organizaciones","og_site_name":"Ediciones Rey Lennon","article_modified_time":"2021-05-22T17:45:57+00:00","og_image":[{"width":720,"height":540,"url":"https:\/\/ediciones.reylennon.com.ar\/wp-content\/uploads\/2020\/04\/Diapositiva1-copia.jpg","type":"image\/jpeg"}],"twitter_card":"summary_large_image","schema":{"@context":"https:\/\/schema.org","@graph":[{"@type":"WebPage","@id":"https:\/\/ediciones.reylennon.com.ar\/?product=manual-de-comunicacion-en-las-organizaciones","url":"https:\/\/ediciones.reylennon.com.ar\/?product=manual-de-comunicacion-en-las-organizaciones","name":"Manual de Comunicaci\u00f3n en las Organizaciones - Ediciones Rey Lennon","isPartOf":{"@id":"https:\/\/ediciones.reylennon.com.ar\/#website"},"primaryImageOfPage":{"@id":"https:\/\/ediciones.reylennon.com.ar\/?product=manual-de-comunicacion-en-las-organizaciones#primaryimage"},"image":{"@id":"https:\/\/ediciones.reylennon.com.ar\/?product=manual-de-comunicacion-en-las-organizaciones#primaryimage"},"thumbnailUrl":"https:\/\/ediciones.reylennon.com.ar\/wp-content\/uploads\/2020\/04\/Diapositiva1-copia.jpg","datePublished":"2020-04-10T12:32:47+00:00","dateModified":"2021-05-22T17:45:57+00:00","breadcrumb":{"@id":"https:\/\/ediciones.reylennon.com.ar\/?product=manual-de-comunicacion-en-las-organizaciones#breadcrumb"},"inLanguage":"es","potentialAction":[{"@type":"ReadAction","target":["https:\/\/ediciones.reylennon.com.ar\/?product=manual-de-comunicacion-en-las-organizaciones"]}]},{"@type":"ImageObject","inLanguage":"es","@id":"https:\/\/ediciones.reylennon.com.ar\/?product=manual-de-comunicacion-en-las-organizaciones#primaryimage","url":"https:\/\/ediciones.reylennon.com.ar\/wp-content\/uploads\/2020\/04\/Diapositiva1-copia.jpg","contentUrl":"https:\/\/ediciones.reylennon.com.ar\/wp-content\/uploads\/2020\/04\/Diapositiva1-copia.jpg","width":720,"height":540},{"@type":"BreadcrumbList","@id":"https:\/\/ediciones.reylennon.com.ar\/?product=manual-de-comunicacion-en-las-organizaciones#breadcrumb","itemListElement":[{"@type":"ListItem","position":1,"name":"Portada","item":"https:\/\/ediciones.reylennon.com.ar\/"},{"@type":"ListItem","position":2,"name":"Tienda","item":"https:\/\/ediciones.reylennon.com.ar\/?page_id=5"},{"@type":"ListItem","position":3,"name":"Manual de Comunicaci\u00f3n en las Organizaciones"}]},{"@type":"WebSite","@id":"https:\/\/ediciones.reylennon.com.ar\/#website","url":"https:\/\/ediciones.reylennon.com.ar\/","name":"Ediciones Rey Lennon","description":"","potentialAction":[{"@type":"SearchAction","target":{"@type":"EntryPoint","urlTemplate":"https:\/\/ediciones.reylennon.com.ar\/?s={search_term_string}"},"query-input":{"@type":"PropertyValueSpecification","valueRequired":true,"valueName":"search_term_string"}}],"inLanguage":"es"}]}},"_links":{"self":[{"href":"https:\/\/ediciones.reylennon.com.ar\/index.php?rest_route=\/wp\/v2\/product\/475","targetHints":{"allow":["GET"]}}],"collection":[{"href":"https:\/\/ediciones.reylennon.com.ar\/index.php?rest_route=\/wp\/v2\/product"}],"about":[{"href":"https:\/\/ediciones.reylennon.com.ar\/index.php?rest_route=\/wp\/v2\/types\/product"}],"replies":[{"embeddable":true,"href":"https:\/\/ediciones.reylennon.com.ar\/index.php?rest_route=%2Fwp%2Fv2%2Fcomments&post=475"}],"wp:featuredmedia":[{"embeddable":true,"href":"https:\/\/ediciones.reylennon.com.ar\/index.php?rest_route=\/wp\/v2\/media\/476"}],"wp:attachment":[{"href":"https:\/\/ediciones.reylennon.com.ar\/index.php?rest_route=%2Fwp%2Fv2%2Fmedia&parent=475"}],"wp:term":[{"taxonomy":"product_brand","embeddable":true,"href":"https:\/\/ediciones.reylennon.com.ar\/index.php?rest_route=%2Fwp%2Fv2%2Fproduct_brand&post=475"},{"taxonomy":"product_cat","embeddable":true,"href":"https:\/\/ediciones.reylennon.com.ar\/index.php?rest_route=%2Fwp%2Fv2%2Fproduct_cat&post=475"},{"taxonomy":"product_tag","embeddable":true,"href":"https:\/\/ediciones.reylennon.com.ar\/index.php?rest_route=%2Fwp%2Fv2%2Fproduct_tag&post=475"}],"curies":[{"name":"wp","href":"https:\/\/api.w.org\/{rel}","templated":true}]}}